{"id":833,"date":"2021-10-16T09:54:54","date_gmt":"2021-10-16T09:54:54","guid":{"rendered":"https:\/\/www.coba.pl\/wordpress\/?page_id=833"},"modified":"2022-01-24T11:04:45","modified_gmt":"2022-01-24T11:04:45","slug":"rodo","status":"publish","type":"page","link":"https:\/\/www.coba.pl\/wordpress\/rodo\/","title":{"rendered":"Rodo"},"content":{"rendered":"\t\t<div data-elementor-type=\"wp-page\" data-elementor-id=\"833\" class=\"elementor elementor-833\">\n\t\t\t\t\t\t<div class=\"elementor-inner\">\n\t\t\t\t<div class=\"elementor-section-wrap\">\n\t\t\t\t\t\t\t\t\t<section class=\"elementor-section elementor-top-section elementor-element elementor-element-10d8fc6 elementor-section-boxed elementor-section-height-default elementor-section-height-default\" data-id=\"10d8fc6\" data-element_type=\"section\">\n\t\t\t\t\t\t<div class=\"elementor-container elementor-column-gap-default\">\n\t\t\t\t\t\t\t<div class=\"elementor-row\">\n\t\t\t\t\t<div class=\"elementor-column elementor-col-50 elementor-top-column elementor-element elementor-element-d74fef5\" data-id=\"d74fef5\" data-element_type=\"column\">\n\t\t\t<div class=\"elementor-column-wrap elementor-element-populated\">\n\t\t\t\t\t\t\t<div class=\"elementor-widget-wrap\">\n\t\t\t\t\t\t<div class=\"elementor-element elementor-element-75dad10 elementor-widget elementor-widget-text-editor\" data-id=\"75dad10\" data-element_type=\"widget\" data-widget_type=\"text-editor.default\">\n\t\t\t\t<div class=\"elementor-widget-container\">\n\t\t\t\t\t\t\t\t<div class=\"elementor-text-editor elementor-clearfix\">\n\t\t\t\t<h4>INFORMACJA<\/h4><p>w zakresie zbierania danych od osoby, kt\u00f3rej dane dotycz\u0105 Na podstawie art. 13 Rozporz\u0105dzenia Parlamentu Europejskiego i Rady (UE) 2016\/679 z dnia 27 kwietnia 2016 r. w sprawie ochrony os\u00f3b fizycznych w zwi\u0105zku z przetwarzaniem danych osobowych i w sprawie swobodnego przep\u0142ywu takich danych oraz uchylenia dyrektywy 95\/46\/WE (og\u00f3lne rozporz\u0105dzenie o ochronie danych) (Dz. U. UE. L. z 2016 r. Nr 119, str. 1), zwanym dalej w skr\u00f3cie RODO, informuj\u0119 \u017ce: Administratorem Twoich danych jest COBA Nasza siedziba znajduje si\u0119 w Brodnicy.<\/p><p><strong>Jak mo\u017cesz si\u0119 z nami skontaktowa\u0107?<\/strong><\/p><p><strong>listownie:<\/strong> <b>COBA, 87-300 Brodnica, ul. Du\u017cy Rynek 19<\/b>,<br \/><strong>e-mailem na adres:<\/strong> <b>biuro@coba.com<\/b><\/p><p><strong>Jakie masz prawa?<br \/><\/strong><\/p><ol><li>prawo do dost\u0119pu do Twoich danych,<\/li><li>prawo do ich poprawiania,<\/li><li>prawo do \u017c\u0105dania ich usuni\u0119cia,<\/li><li>prawo do ograniczenia przetwarzania,<\/li><li>prawo do wniesienia sprzeciwu co do przetwarzania Twoich danych osobowych.<\/li><\/ol><p><strong>Co zrobi\u0107 gdy uwa\u017casz, \u017ce przetwarzamy Twoje dane niezgodnie z wymogami prawnymi?<\/strong><\/p><p>Mo\u017cesz wnie\u015b\u0107 skarg\u0119 do organu nadzorczego. W Polsce jest to Prezes Urz\u0119du Ochrony Danych Osobowych.<\/p><p><strong>Po co nam Twoje dane, czyli w jakim celu je przetwarzamy?<\/strong><\/p><p>W celu wysy\u0142ania do Ciebie newslettera, analizowania czy czytasz nasze newslettery oraz kt\u00f3re tre\u015bci czytasz najch\u0119tniej. Na tej podstawie mo\u017cemy te\u017c dopasowywa\u0107 tre\u015bci newslettera do Twoich zainteresowa\u0144.<\/p><p>Czy musisz podawa\u0107 nam swoje dane?<\/p><p>Jest to dobrowolne. Bez ich podania nie b\u0119dziesz jednak m\u00f3g\u0142 zapisa\u0107 si\u0119 do naszego newslettera.<\/p>\t\t\t\t\t<\/div>\n\t\t\t\t\t\t<\/div>\n\t\t\t\t<\/div>\n\t\t\t\t\t\t<\/div>\n\t\t\t\t\t<\/div>\n\t\t<\/div>\n\t\t\t\t<div class=\"elementor-column elementor-col-50 elementor-top-column elementor-element elementor-element-202605c\" data-id=\"202605c\" data-element_type=\"column\">\n\t\t\t<div class=\"elementor-column-wrap elementor-element-populated\">\n\t\t\t\t\t\t\t<div class=\"elementor-widget-wrap\">\n\t\t\t\t\t\t<div class=\"elementor-element elementor-element-41ef439 elementor-widget elementor-widget-text-editor\" data-id=\"41ef439\" data-element_type=\"widget\" data-widget_type=\"text-editor.default\">\n\t\t\t\t<div class=\"elementor-widget-container\">\n\t\t\t\t\t\t\t\t<div class=\"elementor-text-editor elementor-clearfix\">\n\t\t\t\t<ul><li><strong>Na jakiej podstawie prawnej przetwarzamy Twoje dane?<\/strong><p><em><strong>1. Art. 6 ust. 1 lit. f<\/strong><\/em>\u00a0Rozporz\u0105dzenia Parlamentu Europejskiego I Rady (UE) 2016\/679 z dnia 27 kwietnia 2016 r. Naszym prawnie uzasadnionym interesem jest prowadzenie marketingu, w tym doskonalenie naszego newslettera poprzez analizowanie czy zapoznajesz si\u0119 z jego tre\u015bci\u0105 i kt\u00f3rymi wiadomo\u015bciami najbardziej si\u0119 interesujesz oraz dopasowywanie tre\u015bci naszego newslettera do Twoich zainteresowa\u0144.<\/p><p><em><strong>2. Art. 6 ust. 1 lit. a<\/strong><\/em>\u00a0Rozporz\u0105dzenia Parlamentu Europejskiego I Rady (UE) 2016\/679 z dnia 27 kwietnia 2016 r. Na podstawie udzielonej zgody dostarczymy Ci informacje o charakterze marketingowym i promocyjnym w postaci newslettera.<\/p><p><em><strong>3. Art. 10<\/strong><\/em>\u00a0Ustawy o \u015bwiadczeniu us\u0142ug drog\u0105 elektroniczn\u0105 oraz art. 172 Ustawy Prawo Telekomunikacyjne<\/p><p><strong>Komu przeka\u017cemy Twoje dane?<\/strong><\/p><p>Odbiorcami Twoich danych mog\u0105 by\u0107:<\/p><\/li><li>podmioty administruj\u0105ce naszym systemem informatycznym oraz serwerami na kt\u00f3rych system si\u0119 znajduje,<\/li><li>podmioty administruj\u0105ce stron\u0105 internetow\u0105 kler.eu,<\/li><li>podmioty zajmuj\u0105ce si\u0119 hostingiem (przechowywaniem) portalu oraz danych osobowych dla nas,<\/li><li>dostawcy narz\u0119dzi do:<br \/>a. analityki ruchu na stronie,<br \/>b. prowadzenia marketingu,<br \/>c. wysy\u0142ki newsletter\u00f3w,<\/li><li>poczta, firmy kurierskie.<\/li><\/ul><p><strong>Jak d\u0142ugo b\u0119dziemy przetwarza\u0107 Twoje dane?<\/strong><\/p><p>Przez czas prowadzenia dzia\u0142a\u0144 marketingowych przez nas albo do czasu wyra\u017cenia przez Ciebie sprzeciwu wobec dalszego przetwarzania danych w celach marketingowych, albo odwo\u0142ania zgody na wysy\u0142anie wiadomo\u015bci na Tw\u00f3j adres e-mail. Odwo\u0142anie przez Ciebie zgody nie wp\u0142ywa na zgodno\u015b\u0107 z prawem przetwarzania przed wycofaniem zgody.<\/p><p><strong>Czy po przekazaniu nam danych mo\u017cesz sprzeciwi\u0107 si\u0119 ich przetwarzaniu?<\/strong><\/p><p>Tak. Mo\u017cesz to zrobi\u0107 w dw\u00f3ch sytuacjach, gdy przetwarzamy Twoje dane:<\/p><ul><li>na potrzeby marketingu bezpo\u015bredniego; takiego sprzeciwu nie musisz uzasadnia\u0107;<\/li><li>na podstawie innych naszych prawnie uzasadnionych interes\u00f3w; taki sprzeciw wymaga uzasadnienia Twoj\u0105 szczeg\u00f3ln\u0105 sytuacj\u0105.<\/li><\/ul><p><br \/><strong>Czy Twoje dane osobowe b\u0119d\u0105 przekazywane poza Europejski Obszar Gospodarczy?<\/strong><br \/><br \/>Nie.<\/p>\t\t\t\t\t<\/div>\n\t\t\t\t\t\t<\/div>\n\t\t\t\t<\/div>\n\t\t\t\t\t\t<\/div>\n\t\t\t\t\t<\/div>\n\t\t<\/div>\n\t\t\t\t\t\t\t\t<\/div>\n\t\t\t\t\t<\/div>\n\t\t<\/section>\n\t\t\t\t\t\t\t\t\t<\/div>\n\t\t\t<\/div>\n\t\t\t\t\t<\/div>\n\t\t","protected":false},"excerpt":{"rendered":"<p>INFORMACJA w zakresie zbierania danych od osoby, kt\u00f3rej dane dotycz\u0105 Na podstawie art. 13 Rozporz\u0105dzenia Parlamentu Europejskiego i Rady (UE) 2016\/679 z dnia 27 kwietnia 2016 r. w sprawie ochrony os\u00f3b fizycznych w zwi\u0105zku z przetwarzaniem danych osobowych i w sprawie swobodnego przep\u0142ywu takich danych oraz uchylenia dyrektywy 95\/46\/WE (og\u00f3lne rozporz\u0105dzenie o ochronie danych) (Dz. [&hellip;]<\/p>\n","protected":false},"author":1,"featured_media":0,"parent":0,"menu_order":0,"comment_status":"closed","ping_status":"closed","template":"","meta":{"ocean_post_layout":"full-screen","ocean_both_sidebars_style":"","ocean_both_sidebars_content_width":0,"ocean_both_sidebars_sidebars_width":0,"ocean_sidebar":"0","ocean_second_sidebar":"0","ocean_disable_margins":"enable","ocean_add_body_class":"","ocean_shortcode_before_top_bar":"","ocean_shortcode_after_top_bar":"","ocean_shortcode_before_header":"","ocean_shortcode_after_header":"[smartslider3 slider=\"3\"]","ocean_has_shortcode":"","ocean_shortcode_after_title":"","ocean_shortcode_before_footer_widgets":"","ocean_shortcode_after_footer_widgets":"","ocean_shortcode_before_footer_bottom":"[elementor-template id=\"609\"]","ocean_shortcode_after_footer_bottom":"","ocean_display_top_bar":"default","ocean_display_header":"default","ocean_header_style":"","ocean_center_header_left_menu":"0","ocean_custom_header_template":"0","ocean_custom_logo":0,"ocean_custom_retina_logo":0,"ocean_custom_logo_max_width":0,"ocean_custom_logo_tablet_max_width":0,"ocean_custom_logo_mobile_max_width":0,"ocean_custom_logo_max_height":0,"ocean_custom_logo_tablet_max_height":0,"ocean_custom_logo_mobile_max_height":0,"ocean_header_custom_menu":"0","ocean_menu_typo_font_family":"0","ocean_menu_typo_font_subset":"","ocean_menu_typo_font_size":0,"ocean_menu_typo_font_size_tablet":0,"ocean_menu_typo_font_size_mobile":0,"ocean_menu_typo_font_size_unit":"px","ocean_menu_typo_font_weight":"","ocean_menu_typo_font_weight_tablet":"","ocean_menu_typo_font_weight_mobile":"","ocean_menu_typo_transform":"","ocean_menu_typo_transform_tablet":"","ocean_menu_typo_transform_mobile":"","ocean_menu_typo_line_height":0,"ocean_menu_typo_line_height_tablet":0,"ocean_menu_typo_line_height_mobile":0,"ocean_menu_typo_line_height_unit":"","ocean_menu_typo_spacing":0,"ocean_menu_typo_spacing_tablet":0,"ocean_menu_typo_spacing_mobile":0,"ocean_menu_typo_spacing_unit":"","ocean_menu_link_color":"","ocean_menu_link_color_hover":"","ocean_menu_link_color_active":"","ocean_menu_link_background":"","ocean_menu_link_hover_background":"","ocean_menu_link_active_background":"","ocean_menu_social_links_bg":"","ocean_menu_social_hover_links_bg":"","ocean_menu_social_links_color":"","ocean_menu_social_hover_links_color":"","ocean_disable_title":"default","ocean_disable_heading":"default","ocean_post_title":"","ocean_post_subheading":"","ocean_post_title_style":"","ocean_post_title_background_color":"","ocean_post_title_background":0,"ocean_post_title_bg_image_position":"","ocean_post_title_bg_image_attachment":"","ocean_post_title_bg_image_repeat":"","ocean_post_title_bg_image_size":"","ocean_post_title_height":0,"ocean_post_title_bg_overlay":0.5,"ocean_post_title_bg_overlay_color":"","ocean_disable_breadcrumbs":"default","ocean_breadcrumbs_color":"","ocean_breadcrumbs_separator_color":"","ocean_breadcrumbs_links_color":"","ocean_breadcrumbs_links_hover_color":"","ocean_display_footer_widgets":"default","ocean_display_footer_bottom":"default","ocean_custom_footer_template":"0","footnotes":""},"class_list":["post-833","page","type-page","status-publish","hentry","entry"],"_links":{"self":[{"href":"https:\/\/www.coba.pl\/wordpress\/wp-json\/wp\/v2\/pages\/833","targetHints":{"allow":["GET"]}}],"collection":[{"href":"https:\/\/www.coba.pl\/wordpress\/wp-json\/wp\/v2\/pages"}],"about":[{"href":"https:\/\/www.coba.pl\/wordpress\/wp-json\/wp\/v2\/types\/page"}],"author":[{"embeddable":true,"href":"https:\/\/www.coba.pl\/wordpress\/wp-json\/wp\/v2\/users\/1"}],"replies":[{"embeddable":true,"href":"https:\/\/www.coba.pl\/wordpress\/wp-json\/wp\/v2\/comments?post=833"}],"version-history":[{"count":11,"href":"https:\/\/www.coba.pl\/wordpress\/wp-json\/wp\/v2\/pages\/833\/revisions"}],"predecessor-version":[{"id":1342,"href":"https:\/\/www.coba.pl\/wordpress\/wp-json\/wp\/v2\/pages\/833\/revisions\/1342"}],"wp:attachment":[{"href":"https:\/\/www.coba.pl\/wordpress\/wp-json\/wp\/v2\/media?parent=833"}],"curies":[{"name":"wp","href":"https:\/\/api.w.org\/{rel}","templated":true}]}}